{"id":48,"date":"2015-07-09T17:07:32","date_gmt":"2015-07-09T17:07:32","guid":{"rendered":"http:\/\/www.rivilladebarajas.es\/?page_id=48"},"modified":"2022-06-13T16:47:39","modified_gmt":"2022-06-13T14:47:39","slug":"certamen-de-pintura","status":"publish","type":"page","link":"https:\/\/www.rivilladebarajas.es\/?page_id=48","title":{"rendered":"Bases Certamen de Pintura"},"content":{"rendered":"<p><b>VI Certamen de Pintura Duque de Alba &#8211; S\u00e1bado D\u00eda 20 de Agosto de 2022<\/b><\/p>\n<p><strong>Comunidad<\/strong>: Castilla Le\u00f3n<br \/>\n<strong>Provincia<\/strong>: Avila<\/p>\n<p><strong>Localidad:<\/strong> Rivilla de Barajas<br \/>\n<strong>Disciplina<\/strong>: Pintura R\u00e1pida<br \/>\n<strong>Fecha de Entrega (Plazo Final de Admisi\u00f3n o Fecha de celebraci\u00f3n)<\/strong>: 20\/08\/2022- Por la tarde<\/p>\n<p><img loading=\"lazy\" class=\"alignnone size-medium wp-image-192\" src=\"http:\/\/www.rivilladebarajas.es\/wp-content\/uploads\/2015\/07\/prapida-300x264.jpg\" alt=\"prapida\" width=\"300\" height=\"264\" srcset=\"https:\/\/www.rivilladebarajas.es\/wp-content\/uploads\/2015\/07\/prapida-300x264.jpg 300w, https:\/\/www.rivilladebarajas.es\/wp-content\/uploads\/2015\/07\/prapida.jpg 900w\" sizes=\"(max-width: 300px) 100vw, 300px\" \/><\/p>\n<p><strong>AYUNTAMIENTO DE RIVILLA DE BARAJAS <\/strong><\/p>\n<p><strong>VI CERTAMEN DE PINTURA R\u00c1PIDA DUQUE DE ALBA<\/strong><\/p>\n<p><strong>BASES<\/strong><\/p>\n<p>1\u00ba.- Podr\u00e1n participar todas las personas que lo deseen.<\/p>\n<p>2\u00ba.- El Concurso tendr\u00e1 lugar el <strong><span style=\"color: #ff0000;\">d\u00eda 20 de Agosto<\/span><\/strong> de 2022 (Sabado), entre las 17:00 y las 22,00 horas.<\/p>\n<p>3\u00ba.- <strong>El tema estar\u00e1 relacionado con el pueblo de Rivilla.\u00a0<\/strong><\/p>\n<p>4\u00ba.- La t\u00e9cnica ser\u00e1 libre.<\/p>\n<p>5\u00ba.- El tama\u00f1o de los lienzos ser\u00e1 libre, no pudiendo exceder de 100 cm. ninguno de sus lados. Dichos lienzos, aportados por los participantes, ser\u00e1n sellados el mismo d\u00eda 20 de Agosto en el Ayuntamiento de Rivilla de Barajas, a las 17,00. El soporte no deber\u00e1 estar previamente manipulado, y deber\u00e1 estar totalmente en blanco. El participante aportar\u00e1 el caballete y todo el material que considere necesario para la ejecuci\u00f3n de la obra.<\/p>\n<p>6\u00ba.- Solamente se admitir\u00e1n obras que est\u00e9n montadas sobre bastidor o soporte r\u00edgido.<\/p>\n<p>7\u00ba.- Las obras se entregar\u00e1n en el Ayuntamiento a las 22,00. A esa hora quedaran expuestos todos los trabajos en la plaza del ayuntamiento para disfrute del publico asistente.<\/p>\n<p>8\u00ba.- Posteriormente se reunir\u00e1 el Jurado, que har\u00e1 una selecci\u00f3n y otorgar\u00e1 los correspondientes premios.<\/p>\n<p>9\u00ba.- A las 23:00 horas se har\u00e1 p\u00fablico el fallo del jurado y se proceder\u00e1 a la entrega de premios.<\/p>\n<p>10\u00ba.- A partir de las 23:20 horas se podr\u00e1n retirar las obras no premiadas con posibilidad de poder ser vendidas por sus autores.\u00a0 Si en el plazo de dos meses las obras no son retiradas, pasar\u00e1n a propiedad del Ayuntamiento de Rivilla de Barajas.<\/p>\n<p>11\u00ba.- El Jurado ser\u00e1 nombrado por el Ayuntamiento (3 personas relacionadas con el mundo de la pintura \/ dise\u00f1o) y su fallo ser\u00e1 inapelable.<\/p>\n<p>12\u00ba.- Las obras ganadoras, as\u00ed como los derechos de reproducci\u00f3n de las mismas, pasar\u00e1n a ser propiedad del Ayuntamiento de Rivilla de Barajas.<\/p>\n<p>13\u00ba.- La participaci\u00f3n en este certamen supone la plena aceptaci\u00f3n de las Bases y la conformidad con la decisi\u00f3n del jurado.<\/p>\n<p><strong>14\u00b0.- Se establecen los siguientes premios: <\/strong><\/p>\n<p><strong>1\u00ba) 400 Euros<br \/>\n2\u00ba) 250 Euros<\/strong><\/p>\n<p><strong>Premio especial al trabajo mas original o alternativo: 200 Euros <\/strong><\/p>\n<p><strong>Premio infantil: \u00a0Regalo Sorpresa\u00a0<\/strong><\/p>\n<p><strong>15\u00b0.-<\/strong> A las 21.30 se ofrecer\u00e1 a los participantes un peque\u00f1o \u00e1gape comida.<\/p>\n<p>Rivilla de barajas, esta fant\u00e1sticamente comunicado a una y cuarto de Madrid y media hora de Avila y Salamanca. Se llega muy f\u00e1cil por autov\u00eda A-50 direcci\u00f3n Salamanca.<\/p>\n<p>M\u00e1s informaci\u00f3n:\u00a0<strong><a href=\"mailto:ayto@rivilladebarajas.es\">ayto@rivilladebarajas.es<\/a><\/strong><\/p>\n","protected":false},"excerpt":{"rendered":"<p>VI Certamen de Pintura Duque de Alba &#8211; S\u00e1bado D\u00eda 20 de Agosto de 2022 Comunidad: Castilla Le\u00f3n Provincia: Avila Localidad: Rivilla de Barajas Disciplina: Pintura R\u00e1pida Fecha de Entrega (Plazo Final de Admisi\u00f3n o Fecha de celebraci\u00f3n): 20\/08\/2022- Por la tarde AYUNTAMIENTO DE RIVILLA DE BARAJAS VI CERTAMEN DE PINTURA R\u00c1PIDA DUQUE DE ALBA [&hellip;]<\/p>\n","protected":false},"author":1,"featured_media":0,"parent":226,"menu_order":0,"comment_status":"closed","ping_status":"open","template":"","meta":[],"_links":{"self":[{"href":"https:\/\/www.rivilladebarajas.es\/index.php?rest_route=\/wp\/v2\/pages\/48"}],"collection":[{"href":"https:\/\/www.rivilladebarajas.es\/index.php?rest_route=\/wp\/v2\/pages"}],"about":[{"href":"https:\/\/www.rivilladebarajas.es\/index.php?rest_route=\/wp\/v2\/types\/page"}],"author":[{"embeddable":true,"href":"https:\/\/www.rivilladebarajas.es\/index.php?rest_route=\/wp\/v2\/users\/1"}],"replies":[{"embeddable":true,"href":"https:\/\/www.rivilladebarajas.es\/index.php?rest_route=%2Fwp%2Fv2%2Fcomments&post=48"}],"version-history":[{"count":30,"href":"https:\/\/www.rivilladebarajas.es\/index.php?rest_route=\/wp\/v2\/pages\/48\/revisions"}],"predecessor-version":[{"id":1781,"href":"https:\/\/www.rivilladebarajas.es\/index.php?rest_route=\/wp\/v2\/pages\/48\/revisions\/1781"}],"up":[{"embeddable":true,"href":"https:\/\/www.rivilladebarajas.es\/index.php?rest_route=\/wp\/v2\/pages\/226"}],"wp:attachment":[{"href":"https:\/\/www.rivilladebarajas.es\/index.php?rest_route=%2Fwp%2Fv2%2Fmedia&parent=48"}],"curies":[{"name":"wp","href":"https:\/\/api.w.org\/{rel}","templated":true}]}}