{"id":464,"date":"2015-10-16T11:59:30","date_gmt":"2015-10-16T09:59:30","guid":{"rendered":"http:\/\/www.rivilladebarajas.es\/?page_id=464"},"modified":"2015-10-16T12:00:12","modified_gmt":"2015-10-16T10:00:12","slug":"bienvenida-del-alcalde","status":"publish","type":"page","link":"https:\/\/www.rivilladebarajas.es\/?page_id=464","title":{"rendered":"Bienvenida del Alcalde"},"content":{"rendered":"<p>Quiero aprovechar la ocasi\u00f3n que me ofrece esta p\u00e1gina web del Ayuntamiento para dar la bienvenida a todas aquellas personas que se adentren en este portal. Nuestro objetivo es proporcionar a todos esos ojos curiosos la oportunidad de elegir de entre un amplio escaparate de contenidos aquellos que le sean de mayor inter\u00e9s. S\u00f3lo pretendemos esforzarnos para luchar por los intereses de nuestro pueblo, empleando para ello nuestro lema: ilusi\u00f3n, empe\u00f1o, capacidad de superaci\u00f3n y sobre todo, trabajo en equipo.<\/p>\n<p>Agradecer la confianza depositada en este Ayuntamiento e invitar a aquellos que lo deseen a conocer este pedacito de mundo que para algunos de nosotros es un nuestro universo.<\/p>\n<p>Un saludo<\/p>\n<p>Anselmo Sanz Coll<\/p>\n<p>Excmo. Alcalde Rivilla de Barajas.<\/p>\n<h4><\/h4>\n","protected":false},"excerpt":{"rendered":"<p>Quiero aprovechar la ocasi\u00f3n que me ofrece esta p\u00e1gina web del Ayuntamiento para dar la bienvenida a todas aquellas personas que se adentren en este portal. Nuestro objetivo es proporcionar a todos esos ojos curiosos la oportunidad de elegir de entre un amplio escaparate de contenidos aquellos que le sean de mayor inter\u00e9s. S\u00f3lo pretendemos [&hellip;]<\/p>\n","protected":false},"author":1,"featured_media":0,"parent":211,"menu_order":0,"comment_status":"closed","ping_status":"closed","template":"","meta":[],"_links":{"self":[{"href":"https:\/\/www.rivilladebarajas.es\/index.php?rest_route=\/wp\/v2\/pages\/464"}],"collection":[{"href":"https:\/\/www.rivilladebarajas.es\/index.php?rest_route=\/wp\/v2\/pages"}],"about":[{"href":"https:\/\/www.rivilladebarajas.es\/index.php?rest_route=\/wp\/v2\/types\/page"}],"author":[{"embeddable":true,"href":"https:\/\/www.rivilladebarajas.es\/index.php?rest_route=\/wp\/v2\/users\/1"}],"replies":[{"embeddable":true,"href":"https:\/\/www.rivilladebarajas.es\/index.php?rest_route=%2Fwp%2Fv2%2Fcomments&post=464"}],"version-history":[{"count":2,"href":"https:\/\/www.rivilladebarajas.es\/index.php?rest_route=\/wp\/v2\/pages\/464\/revisions"}],"predecessor-version":[{"id":466,"href":"https:\/\/www.rivilladebarajas.es\/index.php?rest_route=\/wp\/v2\/pages\/464\/revisions\/466"}],"up":[{"embeddable":true,"href":"https:\/\/www.rivilladebarajas.es\/index.php?rest_route=\/wp\/v2\/pages\/211"}],"wp:attachment":[{"href":"https:\/\/www.rivilladebarajas.es\/index.php?rest_route=%2Fwp%2Fv2%2Fmedia&parent=464"}],"curies":[{"name":"wp","href":"https:\/\/api.w.org\/{rel}","templated":true}]}}