{"id":32,"date":"2015-07-09T15:05:14","date_gmt":"2015-07-09T15:05:14","guid":{"rendered":"http:\/\/www.rivilladebarajas.es\/?page_id=32"},"modified":"2015-07-12T09:53:15","modified_gmt":"2015-07-12T09:53:15","slug":"huellas-sta-teresa","status":"publish","type":"page","link":"https:\/\/www.rivilladebarajas.es\/?page_id=32","title":{"rendered":"Huellas Sta. Teresa"},"content":{"rendered":"<p><strong>100 KM. LLENOS DE HUELLAS QUE PASAN POR RIVILLA<\/strong><\/p>\n<p class=\"p\">El recorrido por La Mora\u00f1a discurre por las siguientes localidades. El Oso, Papatrigo, Narros de Saldue\u00f1a y Collado de Contreras son las peque\u00f1as localidades tocadas por la Santa que se encuentran en el camino antes de llegar a Fontiveros, cuna de San Juan de la Cruz. All\u00ed, de ni\u00f1o se cuenta que se cay\u00f3 a una laguna y la Virgen Mar\u00eda le salv\u00f3 de morir ahogado. A\u00f1os m\u00e1s tarde, entrar\u00eda en la Orden de los Hermanos de la Virgen Mar\u00eda del Monte Carmelo (Carmelitas) y conocer\u00eda a la Santa, que en esta localidad tiene enterrados a su padre y hermano.<\/p>\n<p class=\"p\"><strong>Y los pasos contin\u00faan hacia Rivilla de Barajas<\/strong>, pasan junto al castillo de Castronuevo de la Casa de Alba y siguen hasta Narros del Castillo. Por aqu\u00ed, pas\u00f3 Santa Teresa en su viaje a la fundaci\u00f3n de Salamanca y aprovech\u00f3 la ocasi\u00f3n para confesarse, o\u00edr Misa y recibir la comuni\u00f3n \u00abcon grand\u00edsima devoci\u00f3n y santidad\u00bb.<\/p>\n<p class=\"p\">\n<p class=\"p\"><a href=\"http:\/\/www.rivilladebarajas.es\/wp-content\/uploads\/2015\/07\/castillo.jpg\"><img loading=\"lazy\" class=\"alignnone size-medium wp-image-33\" src=\"http:\/\/www.rivilladebarajas.es\/wp-content\/uploads\/2015\/07\/castillo-300x164.jpg\" alt=\"castillo\" width=\"300\" height=\"164\" srcset=\"https:\/\/www.rivilladebarajas.es\/wp-content\/uploads\/2015\/07\/castillo-300x164.jpg 300w, https:\/\/www.rivilladebarajas.es\/wp-content\/uploads\/2015\/07\/castillo.jpg 657w\" sizes=\"(max-width: 300px) 100vw, 300px\" \/><\/a><\/p>\n<p class=\"p\">\n<p class=\"p\">NOTA IMPORTANTE: Si desean sellar la ruta en Rivilla de Barajas, pregunten en el bar situado en la plaza del pueblo.<\/p>\n<p class=\"p\">\n<p class=\"p\"><a href=\"http:\/\/www.rivilladebarajas.es\/wp-content\/uploads\/2015\/07\/img_64482.jpg\"><img loading=\"lazy\" class=\"alignnone  wp-image-34\" src=\"http:\/\/www.rivilladebarajas.es\/wp-content\/uploads\/2015\/07\/img_64482-213x300.jpg\" alt=\"img_64482\" width=\"369\" height=\"520\" srcset=\"https:\/\/www.rivilladebarajas.es\/wp-content\/uploads\/2015\/07\/img_64482-213x300.jpg 213w, https:\/\/www.rivilladebarajas.es\/wp-content\/uploads\/2015\/07\/img_64482.jpg 568w\" sizes=\"(max-width: 369px) 100vw, 369px\" \/><\/a><\/p>\n<p class=\"p\">\n","protected":false},"excerpt":{"rendered":"<p>100 KM. LLENOS DE HUELLAS QUE PASAN POR RIVILLA El recorrido por La Mora\u00f1a discurre por las siguientes localidades. El Oso, Papatrigo, Narros de Saldue\u00f1a y Collado de Contreras son las peque\u00f1as localidades tocadas por la Santa que se encuentran en el camino antes de llegar a Fontiveros, cuna de San Juan de la Cruz. [&hellip;]<\/p>\n","protected":false},"author":1,"featured_media":0,"parent":0,"menu_order":0,"comment_status":"closed","ping_status":"open","template":"","meta":[],"_links":{"self":[{"href":"https:\/\/www.rivilladebarajas.es\/index.php?rest_route=\/wp\/v2\/pages\/32"}],"collection":[{"href":"https:\/\/www.rivilladebarajas.es\/index.php?rest_route=\/wp\/v2\/pages"}],"about":[{"href":"https:\/\/www.rivilladebarajas.es\/index.php?rest_route=\/wp\/v2\/types\/page"}],"author":[{"embeddable":true,"href":"https:\/\/www.rivilladebarajas.es\/index.php?rest_route=\/wp\/v2\/users\/1"}],"replies":[{"embeddable":true,"href":"https:\/\/www.rivilladebarajas.es\/index.php?rest_route=%2Fwp%2Fv2%2Fcomments&post=32"}],"version-history":[{"count":2,"href":"https:\/\/www.rivilladebarajas.es\/index.php?rest_route=\/wp\/v2\/pages\/32\/revisions"}],"predecessor-version":[{"id":408,"href":"https:\/\/www.rivilladebarajas.es\/index.php?rest_route=\/wp\/v2\/pages\/32\/revisions\/408"}],"wp:attachment":[{"href":"https:\/\/www.rivilladebarajas.es\/index.php?rest_route=%2Fwp%2Fv2%2Fmedia&parent=32"}],"curies":[{"name":"wp","href":"https:\/\/api.w.org\/{rel}","templated":true}]}}