{"id":251,"date":"2015-09-08T15:01:54","date_gmt":"2015-09-08T15:01:54","guid":{"rendered":"http:\/\/www.rivilladebarajas.es\/?page_id=251"},"modified":"2017-06-13T16:40:03","modified_gmt":"2017-06-13T14:40:03","slug":"motocross-fiestas-de-rivilla","status":"publish","type":"page","link":"https:\/\/www.rivilladebarajas.es\/?page_id=251","title":{"rendered":"Motocross Fiestas de Rivilla"},"content":{"rendered":"<p><strong>MAS DE 40 A\u00d1OS DE HISTORIA NO SON F\u00c1CILES DE CONSEGUIR<\/strong><\/p>\n<p>No sin esfuerzo, con muchas ganas e ilusi\u00f3n, se puso en marcha hace m\u00e1s de 35 a\u00f1os, una prueba motociclista en Rivilla de Barajas, concretamente en el a\u00f1o 1979.<\/p>\n<p>A lo largo de estos a\u00f1os, los mejores pilotos a nivel mundial han pasado por Rivilla. \u00a0Es extra\u00f1o encontrar a alg\u00fan vecino de la provincia de \u00c1vila que no haya ido nunca a Rivilla, como coloquialmente se le conoce \u201cAl pueblo de las motos\u201d. Miles de personas acuden cada a\u00f1o a esta prueba emblem\u00e1tica.<\/p>\n<p>\u00danica por la expectaci\u00f3n que despierta en toda La Mora\u00f1a. \u00danica por la afici\u00f3n, que vive el motocross como algo espectacular, donde la implicaci\u00f3n con los pilotos es total.<\/p>\n<p>En definitiva, la prueba de motocross es un acontecimiento de tanto calibre que probablemente sea la cita m\u00e1s importante del a\u00f1o en toda la provincia. Ha sido la primera prueba puntuable para el campeonato de la comunidad de Madrid que se ha celebrado en otra comunidad.<\/p>\n<p><a href=\"http:\/\/www.rivilladebarajas.es\/wp-content\/uploads\/2015\/09\/moto1.jpg\"><img loading=\"lazy\" class=\"alignnone wp-image-1219\" src=\"http:\/\/www.rivilladebarajas.es\/wp-content\/uploads\/2015\/09\/moto1.jpg\" alt=\"moto1\" width=\"620\" height=\"555\" \/><\/a><a href=\"http:\/\/www.rivilladebarajas.es\/wp-content\/uploads\/2015\/09\/moto3.jpg\"><img loading=\"lazy\" class=\"alignnone size-full wp-image-1217\" src=\"http:\/\/www.rivilladebarajas.es\/wp-content\/uploads\/2015\/09\/moto3.jpg\" alt=\"moto3\" width=\"654\" height=\"679\" \/><\/a> <a href=\"http:\/\/www.rivilladebarajas.es\/wp-content\/uploads\/2015\/09\/moto2.jpg\"><img loading=\"lazy\" class=\"alignnone wp-image-1218\" src=\"http:\/\/www.rivilladebarajas.es\/wp-content\/uploads\/2015\/09\/moto2.jpg\" alt=\"moto2\" width=\"650\" height=\"699\" \/><\/a><\/p>\n<p>&nbsp;<\/p>\n<p>&nbsp;<\/p>\n<p><a href=\"http:\/\/www.rivilladebarajas.es\/wp-content\/uploads\/2015\/09\/IMG_3171.jpg\"><img loading=\"lazy\" class=\"alignnone wp-image-290\" src=\"http:\/\/www.rivilladebarajas.es\/wp-content\/uploads\/2015\/09\/IMG_3171-300x200.jpg\" alt=\"IMG_3171\" width=\"255\" height=\"170\" srcset=\"https:\/\/www.rivilladebarajas.es\/wp-content\/uploads\/2015\/09\/IMG_3171-300x200.jpg 300w, https:\/\/www.rivilladebarajas.es\/wp-content\/uploads\/2015\/09\/IMG_3171-1024x683.jpg 1024w\" sizes=\"(max-width: 255px) 100vw, 255px\" \/><\/a> <a href=\"http:\/\/www.rivilladebarajas.es\/wp-content\/uploads\/2015\/09\/IMG_3169.jpg\"><img loading=\"lazy\" class=\"alignnone wp-image-289\" src=\"http:\/\/www.rivilladebarajas.es\/wp-content\/uploads\/2015\/09\/IMG_3169-300x200.jpg\" alt=\"IMG_3169\" width=\"255\" height=\"170\" srcset=\"https:\/\/www.rivilladebarajas.es\/wp-content\/uploads\/2015\/09\/IMG_3169-300x200.jpg 300w, https:\/\/www.rivilladebarajas.es\/wp-content\/uploads\/2015\/09\/IMG_3169-1024x683.jpg 1024w\" sizes=\"(max-width: 255px) 100vw, 255px\" \/><\/a> <a href=\"http:\/\/www.rivilladebarajas.es\/wp-content\/uploads\/2015\/09\/IMG_3165.jpg\"><img loading=\"lazy\" class=\"alignnone wp-image-288\" src=\"http:\/\/www.rivilladebarajas.es\/wp-content\/uploads\/2015\/09\/IMG_3165-300x200.jpg\" alt=\"IMG_3165\" width=\"255\" height=\"170\" srcset=\"https:\/\/www.rivilladebarajas.es\/wp-content\/uploads\/2015\/09\/IMG_3165-300x200.jpg 300w, https:\/\/www.rivilladebarajas.es\/wp-content\/uploads\/2015\/09\/IMG_3165-1024x683.jpg 1024w\" sizes=\"(max-width: 255px) 100vw, 255px\" \/><\/a> <a href=\"http:\/\/www.rivilladebarajas.es\/wp-content\/uploads\/2015\/09\/IMG_3155.jpg\"><img loading=\"lazy\" class=\"alignnone wp-image-287\" src=\"http:\/\/www.rivilladebarajas.es\/wp-content\/uploads\/2015\/09\/IMG_3155-300x200.jpg\" alt=\"IMG_3155\" width=\"255\" height=\"170\" srcset=\"https:\/\/www.rivilladebarajas.es\/wp-content\/uploads\/2015\/09\/IMG_3155-300x200.jpg 300w, https:\/\/www.rivilladebarajas.es\/wp-content\/uploads\/2015\/09\/IMG_3155-1024x683.jpg 1024w\" sizes=\"(max-width: 255px) 100vw, 255px\" \/><\/a> <a href=\"http:\/\/www.rivilladebarajas.es\/wp-content\/uploads\/2015\/09\/IMG_3141.jpg\"><img loading=\"lazy\" class=\"alignnone wp-image-286\" src=\"http:\/\/www.rivilladebarajas.es\/wp-content\/uploads\/2015\/09\/IMG_3141-300x200.jpg\" alt=\"IMG_3141\" width=\"255\" height=\"170\" srcset=\"https:\/\/www.rivilladebarajas.es\/wp-content\/uploads\/2015\/09\/IMG_3141-300x200.jpg 300w, https:\/\/www.rivilladebarajas.es\/wp-content\/uploads\/2015\/09\/IMG_3141-1024x683.jpg 1024w\" sizes=\"(max-width: 255px) 100vw, 255px\" \/><\/a> <a href=\"http:\/\/www.rivilladebarajas.es\/wp-content\/uploads\/2015\/09\/IMG_3140.jpg\"><img loading=\"lazy\" class=\"alignnone wp-image-285\" src=\"http:\/\/www.rivilladebarajas.es\/wp-content\/uploads\/2015\/09\/IMG_3140-300x200.jpg\" alt=\"IMG_3140\" width=\"255\" height=\"170\" srcset=\"https:\/\/www.rivilladebarajas.es\/wp-content\/uploads\/2015\/09\/IMG_3140-300x200.jpg 300w, https:\/\/www.rivilladebarajas.es\/wp-content\/uploads\/2015\/09\/IMG_3140-1024x683.jpg 1024w\" sizes=\"(max-width: 255px) 100vw, 255px\" \/><\/a> <a href=\"http:\/\/www.rivilladebarajas.es\/wp-content\/uploads\/2015\/09\/IMG_3139.jpg\"><img loading=\"lazy\" class=\"alignnone wp-image-284\" src=\"http:\/\/www.rivilladebarajas.es\/wp-content\/uploads\/2015\/09\/IMG_3139-300x200.jpg\" alt=\"IMG_3139\" width=\"255\" height=\"170\" srcset=\"https:\/\/www.rivilladebarajas.es\/wp-content\/uploads\/2015\/09\/IMG_3139-300x200.jpg 300w, https:\/\/www.rivilladebarajas.es\/wp-content\/uploads\/2015\/09\/IMG_3139-1024x683.jpg 1024w\" sizes=\"(max-width: 255px) 100vw, 255px\" \/><\/a> <a href=\"http:\/\/www.rivilladebarajas.es\/wp-content\/uploads\/2015\/09\/IMG_3135.jpg\"><img loading=\"lazy\" class=\"alignnone wp-image-283\" src=\"http:\/\/www.rivilladebarajas.es\/wp-content\/uploads\/2015\/09\/IMG_3135-300x200.jpg\" alt=\"IMG_3135\" width=\"255\" height=\"170\" srcset=\"https:\/\/www.rivilladebarajas.es\/wp-content\/uploads\/2015\/09\/IMG_3135-300x200.jpg 300w, https:\/\/www.rivilladebarajas.es\/wp-content\/uploads\/2015\/09\/IMG_3135-1024x683.jpg 1024w\" sizes=\"(max-width: 255px) 100vw, 255px\" \/><\/a> <a href=\"http:\/\/www.rivilladebarajas.es\/wp-content\/uploads\/2015\/09\/IMG_3124.jpg\"><img loading=\"lazy\" class=\"alignnone wp-image-282\" src=\"http:\/\/www.rivilladebarajas.es\/wp-content\/uploads\/2015\/09\/IMG_3124-300x200.jpg\" alt=\"IMG_3124\" width=\"255\" height=\"170\" srcset=\"https:\/\/www.rivilladebarajas.es\/wp-content\/uploads\/2015\/09\/IMG_3124-300x200.jpg 300w, https:\/\/www.rivilladebarajas.es\/wp-content\/uploads\/2015\/09\/IMG_3124-1024x683.jpg 1024w\" sizes=\"(max-width: 255px) 100vw, 255px\" \/><\/a> <a href=\"http:\/\/www.rivilladebarajas.es\/wp-content\/uploads\/2015\/09\/IMG_3119.jpg\"><img loading=\"lazy\" class=\"alignnone wp-image-281\" src=\"http:\/\/www.rivilladebarajas.es\/wp-content\/uploads\/2015\/09\/IMG_3119-300x200.jpg\" alt=\"IMG_3119\" width=\"255\" height=\"170\" srcset=\"https:\/\/www.rivilladebarajas.es\/wp-content\/uploads\/2015\/09\/IMG_3119-300x200.jpg 300w, https:\/\/www.rivilladebarajas.es\/wp-content\/uploads\/2015\/09\/IMG_3119-1024x683.jpg 1024w\" sizes=\"(max-width: 255px) 100vw, 255px\" \/><\/a> <a href=\"http:\/\/www.rivilladebarajas.es\/wp-content\/uploads\/2015\/09\/IMG_3114.jpg\"><img loading=\"lazy\" class=\"alignnone wp-image-280\" src=\"http:\/\/www.rivilladebarajas.es\/wp-content\/uploads\/2015\/09\/IMG_3114-300x200.jpg\" alt=\"IMG_3114\" width=\"255\" height=\"170\" srcset=\"https:\/\/www.rivilladebarajas.es\/wp-content\/uploads\/2015\/09\/IMG_3114-300x200.jpg 300w, https:\/\/www.rivilladebarajas.es\/wp-content\/uploads\/2015\/09\/IMG_3114-1024x683.jpg 1024w\" sizes=\"(max-width: 255px) 100vw, 255px\" \/><\/a> <a href=\"http:\/\/www.rivilladebarajas.es\/wp-content\/uploads\/2015\/09\/IMG_3104.jpg\"><img loading=\"lazy\" class=\"alignnone wp-image-279\" src=\"http:\/\/www.rivilladebarajas.es\/wp-content\/uploads\/2015\/09\/IMG_3104-300x200.jpg\" alt=\"IMG_3104\" width=\"255\" height=\"170\" srcset=\"https:\/\/www.rivilladebarajas.es\/wp-content\/uploads\/2015\/09\/IMG_3104-300x200.jpg 300w, https:\/\/www.rivilladebarajas.es\/wp-content\/uploads\/2015\/09\/IMG_3104-1024x683.jpg 1024w\" sizes=\"(max-width: 255px) 100vw, 255px\" \/><\/a> <a href=\"http:\/\/www.rivilladebarajas.es\/wp-content\/uploads\/2015\/09\/IMG_3102.jpg\"><img loading=\"lazy\" class=\"alignnone wp-image-278\" src=\"http:\/\/www.rivilladebarajas.es\/wp-content\/uploads\/2015\/09\/IMG_3102-300x200.jpg\" alt=\"IMG_3102\" width=\"255\" height=\"170\" srcset=\"https:\/\/www.rivilladebarajas.es\/wp-content\/uploads\/2015\/09\/IMG_3102-300x200.jpg 300w, https:\/\/www.rivilladebarajas.es\/wp-content\/uploads\/2015\/09\/IMG_3102-1024x683.jpg 1024w\" sizes=\"(max-width: 255px) 100vw, 255px\" \/><\/a> <a href=\"http:\/\/www.rivilladebarajas.es\/wp-content\/uploads\/2015\/09\/IMG_3101.jpg\"><img loading=\"lazy\" class=\"alignnone wp-image-277\" src=\"http:\/\/www.rivilladebarajas.es\/wp-content\/uploads\/2015\/09\/IMG_3101-300x200.jpg\" alt=\"IMG_3101\" width=\"255\" height=\"170\" srcset=\"https:\/\/www.rivilladebarajas.es\/wp-content\/uploads\/2015\/09\/IMG_3101-300x200.jpg 300w, https:\/\/www.rivilladebarajas.es\/wp-content\/uploads\/2015\/09\/IMG_3101-1024x683.jpg 1024w\" sizes=\"(max-width: 255px) 100vw, 255px\" \/><\/a> <a href=\"http:\/\/www.rivilladebarajas.es\/wp-content\/uploads\/2015\/09\/IMG_3100.jpg\"><img loading=\"lazy\" class=\"alignnone wp-image-276\" src=\"http:\/\/www.rivilladebarajas.es\/wp-content\/uploads\/2015\/09\/IMG_3100-300x200.jpg\" alt=\"IMG_3100\" width=\"255\" height=\"170\" srcset=\"https:\/\/www.rivilladebarajas.es\/wp-content\/uploads\/2015\/09\/IMG_3100-300x200.jpg 300w, https:\/\/www.rivilladebarajas.es\/wp-content\/uploads\/2015\/09\/IMG_3100-1024x683.jpg 1024w\" sizes=\"(max-width: 255px) 100vw, 255px\" \/><\/a> <a href=\"http:\/\/www.rivilladebarajas.es\/wp-content\/uploads\/2015\/09\/IMG_3098.jpg\"><img loading=\"lazy\" class=\"alignnone wp-image-275\" src=\"http:\/\/www.rivilladebarajas.es\/wp-content\/uploads\/2015\/09\/IMG_3098-300x200.jpg\" alt=\"IMG_3098\" width=\"255\" height=\"170\" srcset=\"https:\/\/www.rivilladebarajas.es\/wp-content\/uploads\/2015\/09\/IMG_3098-300x200.jpg 300w, https:\/\/www.rivilladebarajas.es\/wp-content\/uploads\/2015\/09\/IMG_3098-1024x683.jpg 1024w\" sizes=\"(max-width: 255px) 100vw, 255px\" \/><\/a> <a href=\"http:\/\/www.rivilladebarajas.es\/wp-content\/uploads\/2015\/09\/IMG_3094.jpg\"><img loading=\"lazy\" class=\"alignnone wp-image-274\" src=\"http:\/\/www.rivilladebarajas.es\/wp-content\/uploads\/2015\/09\/IMG_3094-300x200.jpg\" alt=\"IMG_3094\" width=\"255\" height=\"170\" srcset=\"https:\/\/www.rivilladebarajas.es\/wp-content\/uploads\/2015\/09\/IMG_3094-300x200.jpg 300w, https:\/\/www.rivilladebarajas.es\/wp-content\/uploads\/2015\/09\/IMG_3094-1024x683.jpg 1024w\" sizes=\"(max-width: 255px) 100vw, 255px\" \/><\/a> <a href=\"http:\/\/www.rivilladebarajas.es\/wp-content\/uploads\/2015\/09\/IMG_3092.jpg\"><img loading=\"lazy\" class=\"alignnone wp-image-273\" src=\"http:\/\/www.rivilladebarajas.es\/wp-content\/uploads\/2015\/09\/IMG_3092-300x200.jpg\" alt=\"IMG_3092\" width=\"254\" height=\"169\" srcset=\"https:\/\/www.rivilladebarajas.es\/wp-content\/uploads\/2015\/09\/IMG_3092-300x200.jpg 300w, https:\/\/www.rivilladebarajas.es\/wp-content\/uploads\/2015\/09\/IMG_3092-1024x683.jpg 1024w\" sizes=\"(max-width: 254px) 100vw, 254px\" \/><\/a> <a href=\"http:\/\/www.rivilladebarajas.es\/wp-content\/uploads\/2015\/09\/IMG_3089.jpg\"><img loading=\"lazy\" class=\"alignnone wp-image-272\" src=\"http:\/\/www.rivilladebarajas.es\/wp-content\/uploads\/2015\/09\/IMG_3089-300x200.jpg\" alt=\"IMG_3089\" width=\"255\" height=\"170\" srcset=\"https:\/\/www.rivilladebarajas.es\/wp-content\/uploads\/2015\/09\/IMG_3089-300x200.jpg 300w, https:\/\/www.rivilladebarajas.es\/wp-content\/uploads\/2015\/09\/IMG_3089-1024x683.jpg 1024w\" sizes=\"(max-width: 255px) 100vw, 255px\" \/><\/a> <a href=\"http:\/\/www.rivilladebarajas.es\/wp-content\/uploads\/2015\/09\/IMG_3084.jpg\"><img loading=\"lazy\" class=\"alignnone wp-image-271\" src=\"http:\/\/www.rivilladebarajas.es\/wp-content\/uploads\/2015\/09\/IMG_3084-300x200.jpg\" alt=\"IMG_3084\" width=\"255\" height=\"170\" srcset=\"https:\/\/www.rivilladebarajas.es\/wp-content\/uploads\/2015\/09\/IMG_3084-300x200.jpg 300w, https:\/\/www.rivilladebarajas.es\/wp-content\/uploads\/2015\/09\/IMG_3084-1024x683.jpg 1024w\" sizes=\"(max-width: 255px) 100vw, 255px\" \/><\/a> <a href=\"http:\/\/www.rivilladebarajas.es\/wp-content\/uploads\/2015\/09\/IMG_3078.jpg\"><img loading=\"lazy\" class=\"alignnone wp-image-270\" src=\"http:\/\/www.rivilladebarajas.es\/wp-content\/uploads\/2015\/09\/IMG_3078-300x200.jpg\" alt=\"IMG_3078\" width=\"255\" height=\"170\" srcset=\"https:\/\/www.rivilladebarajas.es\/wp-content\/uploads\/2015\/09\/IMG_3078-300x200.jpg 300w, https:\/\/www.rivilladebarajas.es\/wp-content\/uploads\/2015\/09\/IMG_3078-1024x683.jpg 1024w\" sizes=\"(max-width: 255px) 100vw, 255px\" \/><\/a>\u00a0 <a href=\"http:\/\/www.rivilladebarajas.es\/wp-content\/uploads\/2015\/09\/IMG_3076.jpg\"><img loading=\"lazy\" class=\"alignnone wp-image-268\" src=\"http:\/\/www.rivilladebarajas.es\/wp-content\/uploads\/2015\/09\/IMG_3076-300x200.jpg\" alt=\"IMG_3076\" width=\"257\" height=\"171\" srcset=\"https:\/\/www.rivilladebarajas.es\/wp-content\/uploads\/2015\/09\/IMG_3076-300x200.jpg 300w, https:\/\/www.rivilladebarajas.es\/wp-content\/uploads\/2015\/09\/IMG_3076-1024x683.jpg 1024w\" sizes=\"(max-width: 257px) 100vw, 257px\" \/><\/a><\/p>\n<p style=\"text-align: left;\">\n","protected":false},"excerpt":{"rendered":"<p>MAS DE 40 A\u00d1OS DE HISTORIA NO SON F\u00c1CILES DE CONSEGUIR No sin esfuerzo, con muchas ganas e ilusi\u00f3n, se puso en marcha hace m\u00e1s de 35 a\u00f1os, una prueba motociclista en Rivilla de Barajas, concretamente en el a\u00f1o 1979. A lo largo de estos a\u00f1os, los mejores pilotos a nivel mundial han pasado por [&hellip;]<\/p>\n","protected":false},"author":1,"featured_media":0,"parent":20,"menu_order":0,"comment_status":"closed","ping_status":"closed","template":"","meta":[],"_links":{"self":[{"href":"https:\/\/www.rivilladebarajas.es\/index.php?rest_route=\/wp\/v2\/pages\/251"}],"collection":[{"href":"https:\/\/www.rivilladebarajas.es\/index.php?rest_route=\/wp\/v2\/pages"}],"about":[{"href":"https:\/\/www.rivilladebarajas.es\/index.php?rest_route=\/wp\/v2\/types\/page"}],"author":[{"embeddable":true,"href":"https:\/\/www.rivilladebarajas.es\/index.php?rest_route=\/wp\/v2\/users\/1"}],"replies":[{"embeddable":true,"href":"https:\/\/www.rivilladebarajas.es\/index.php?rest_route=%2Fwp%2Fv2%2Fcomments&post=251"}],"version-history":[{"count":8,"href":"https:\/\/www.rivilladebarajas.es\/index.php?rest_route=\/wp\/v2\/pages\/251\/revisions"}],"predecessor-version":[{"id":1221,"href":"https:\/\/www.rivilladebarajas.es\/index.php?rest_route=\/wp\/v2\/pages\/251\/revisions\/1221"}],"up":[{"embeddable":true,"href":"https:\/\/www.rivilladebarajas.es\/index.php?rest_route=\/wp\/v2\/pages\/20"}],"wp:attachment":[{"href":"https:\/\/www.rivilladebarajas.es\/index.php?rest_route=%2Fwp%2Fv2%2Fmedia&parent=251"}],"curies":[{"name":"wp","href":"https:\/\/api.w.org\/{rel}","templated":true}]}}