{"id":229,"date":"2015-09-08T11:29:56","date_gmt":"2015-09-08T11:29:56","guid":{"rendered":"http:\/\/www.rivilladebarajas.es\/?page_id=229"},"modified":"2018-02-21T10:21:57","modified_gmt":"2018-02-21T09:21:57","slug":"i-certamen-de-pintura-duque-de-alba","status":"publish","type":"page","link":"https:\/\/www.rivilladebarajas.es\/?page_id=229","title":{"rendered":"IV Certamen de Pintura Duque de Alba 2018"},"content":{"rendered":"<p><strong>IV\u00a0Certamen de Pintura Duque de Alba \u2013 Domingo Dia 26 de Agosto<\/strong><\/p>\n<p>&nbsp;<\/p>\n<p>Este certamen queremos que sea el tercero de muchos, para lo cual contamos con la autorizaci\u00f3n y apoyo econ\u00f3mico de la Casa de Alba.<\/p>\n<p>Al igual que su Madre la Duquesa de Alba, nos halago con su presencia en los a\u00f1os sesenta, D. Carlos nos ayuda esta vez como mecenas y promotor de este acto cultural.<\/p>\n<p>AP\u00daNTATE Y PARTICIPA, <strong>BASES YA DISPONIBLES<\/strong>:<\/p>\n<p><a href=\"http:\/\/www.rivilladebarajas.es\/index.php\/cultura\/certamen-de-pintura\/\">http:\/\/www.rivilladebarajas.es\/index.php\/cultura\/certamen-de-pintura\/<\/a><\/p>\n<p>&nbsp;<\/p>\n<p><strong>IMAGENES Certamen de Pintura Duque de Alba A\u00d1O ANTERIOR<\/strong><\/p>\n<p>\u00c9xito de convocatoria y de publico el d\u00eda resulto maravilloso.<\/p>\n<p>&nbsp;<\/p>\n\n\t\t<style type=\"text\/css\">\n\t\t\t#gallery-1 {\n\t\t\t\tmargin: auto;\n\t\t\t}\n\t\t\t#gallery-1 .gallery-item {\n\t\t\t\tfloat: left;\n\t\t\t\tmargin-top: 10px;\n\t\t\t\ttext-align: center;\n\t\t\t\twidth: 33%;\n\t\t\t}\n\t\t\t#gallery-1 img {\n\t\t\t\tborder: 2px solid #cfcfcf;\n\t\t\t}\n\t\t\t#gallery-1 .gallery-caption {\n\t\t\t\tmargin-left: 0;\n\t\t\t}\n\t\t\t\/* see gallery_shortcode() in wp-includes\/media.php *\/\n\t\t<\/style>\n\t\t<div id='gallery-1' class='gallery galleryid-229 gallery-columns-3 gallery-size-medium'><dl class='gallery-item'>\n\t\t\t<dt class='gallery-icon portrait'>\n\t\t\t\t<a href='https:\/\/www.rivilladebarajas.es\/?attachment_id=230'><img width=\"169\" height=\"300\" src=\"https:\/\/www.rivilladebarajas.es\/wp-content\/uploads\/2015\/09\/FullSizeRender-169x300.jpg\" class=\"attachment-medium size-medium\" alt=\"\" loading=\"lazy\" aria-describedby=\"gallery-1-230\" srcset=\"https:\/\/www.rivilladebarajas.es\/wp-content\/uploads\/2015\/09\/FullSizeRender-169x300.jpg 169w, https:\/\/www.rivilladebarajas.es\/wp-content\/uploads\/2015\/09\/FullSizeRender-577x1024.jpg 577w, https:\/\/www.rivilladebarajas.es\/wp-content\/uploads\/2015\/09\/FullSizeRender.jpg 1802w\" sizes=\"(max-width: 169px) 100vw, 169px\" \/><\/a>\n\t\t\t<\/dt>\n\t\t\t\t<dd class='wp-caption-text gallery-caption' id='gallery-1-230'>\n\t\t\t\t\u00c9xito de participaci\u00f3n y publico\n\t\t\t\t<\/dd><\/dl><dl class='gallery-item'>\n\t\t\t<dt class='gallery-icon landscape'>\n\t\t\t\t<a href='https:\/\/www.rivilladebarajas.es\/?attachment_id=231'><img width=\"300\" height=\"200\" src=\"https:\/\/www.rivilladebarajas.es\/wp-content\/uploads\/2015\/09\/IMG_3311-300x200.jpg\" class=\"attachment-medium size-medium\" alt=\"\" loading=\"lazy\" srcset=\"https:\/\/www.rivilladebarajas.es\/wp-content\/uploads\/2015\/09\/IMG_3311-300x200.jpg 300w, https:\/\/www.rivilladebarajas.es\/wp-content\/uploads\/2015\/09\/IMG_3311-1024x683.jpg 1024w\" sizes=\"(max-width: 300px) 100vw, 300px\" \/><\/a>\n\t\t\t<\/dt><\/dl><dl class='gallery-item'>\n\t\t\t<dt class='gallery-icon landscape'>\n\t\t\t\t<a href='https:\/\/www.rivilladebarajas.es\/?attachment_id=232'><img width=\"300\" height=\"200\" src=\"https:\/\/www.rivilladebarajas.es\/wp-content\/uploads\/2015\/09\/IMG_3314-300x200.jpg\" class=\"attachment-medium size-medium\" alt=\"\" loading=\"lazy\" srcset=\"https:\/\/www.rivilladebarajas.es\/wp-content\/uploads\/2015\/09\/IMG_3314-300x200.jpg 300w, https:\/\/www.rivilladebarajas.es\/wp-content\/uploads\/2015\/09\/IMG_3314-1024x683.jpg 1024w\" sizes=\"(max-width: 300px) 100vw, 300px\" \/><\/a>\n\t\t\t<\/dt><\/dl><br style=\"clear: both\" \/><dl class='gallery-item'>\n\t\t\t<dt class='gallery-icon landscape'>\n\t\t\t\t<a href='https:\/\/www.rivilladebarajas.es\/?attachment_id=233'><img width=\"300\" height=\"200\" src=\"https:\/\/www.rivilladebarajas.es\/wp-content\/uploads\/2015\/09\/IMG_3316-300x200.jpg\" class=\"attachment-medium size-medium\" alt=\"\" loading=\"lazy\" srcset=\"https:\/\/www.rivilladebarajas.es\/wp-content\/uploads\/2015\/09\/IMG_3316-300x200.jpg 300w, https:\/\/www.rivilladebarajas.es\/wp-content\/uploads\/2015\/09\/IMG_3316-1024x683.jpg 1024w\" sizes=\"(max-width: 300px) 100vw, 300px\" \/><\/a>\n\t\t\t<\/dt><\/dl><dl class='gallery-item'>\n\t\t\t<dt class='gallery-icon portrait'>\n\t\t\t\t<a href='https:\/\/www.rivilladebarajas.es\/?attachment_id=234'><img width=\"200\" height=\"300\" src=\"https:\/\/www.rivilladebarajas.es\/wp-content\/uploads\/2015\/09\/IMG_3317-e1441725968918-200x300.jpg\" class=\"attachment-medium size-medium\" alt=\"\" loading=\"lazy\" srcset=\"https:\/\/www.rivilladebarajas.es\/wp-content\/uploads\/2015\/09\/IMG_3317-e1441725968918-200x300.jpg 200w, https:\/\/www.rivilladebarajas.es\/wp-content\/uploads\/2015\/09\/IMG_3317-e1441725968918-683x1024.jpg 683w\" sizes=\"(max-width: 200px) 100vw, 200px\" \/><\/a>\n\t\t\t<\/dt><\/dl><dl class='gallery-item'>\n\t\t\t<dt class='gallery-icon landscape'>\n\t\t\t\t<a href='https:\/\/www.rivilladebarajas.es\/?attachment_id=235'><img width=\"300\" height=\"200\" src=\"https:\/\/www.rivilladebarajas.es\/wp-content\/uploads\/2015\/09\/IMG_3318-300x200.jpg\" class=\"attachment-medium size-medium\" alt=\"\" loading=\"lazy\" srcset=\"https:\/\/www.rivilladebarajas.es\/wp-content\/uploads\/2015\/09\/IMG_3318-300x200.jpg 300w, https:\/\/www.rivilladebarajas.es\/wp-content\/uploads\/2015\/09\/IMG_3318-1024x683.jpg 1024w\" sizes=\"(max-width: 300px) 100vw, 300px\" \/><\/a>\n\t\t\t<\/dt><\/dl><br style=\"clear: both\" \/><dl class='gallery-item'>\n\t\t\t<dt class='gallery-icon landscape'>\n\t\t\t\t<a href='https:\/\/www.rivilladebarajas.es\/?attachment_id=236'><img width=\"300\" height=\"200\" src=\"https:\/\/www.rivilladebarajas.es\/wp-content\/uploads\/2015\/09\/IMG_3320-300x200.jpg\" class=\"attachment-medium size-medium\" alt=\"\" loading=\"lazy\" srcset=\"https:\/\/www.rivilladebarajas.es\/wp-content\/uploads\/2015\/09\/IMG_3320-300x200.jpg 300w, https:\/\/www.rivilladebarajas.es\/wp-content\/uploads\/2015\/09\/IMG_3320-1024x683.jpg 1024w\" sizes=\"(max-width: 300px) 100vw, 300px\" \/><\/a>\n\t\t\t<\/dt><\/dl><dl class='gallery-item'>\n\t\t\t<dt class='gallery-icon landscape'>\n\t\t\t\t<a href='https:\/\/www.rivilladebarajas.es\/?attachment_id=237'><img width=\"300\" height=\"200\" src=\"https:\/\/www.rivilladebarajas.es\/wp-content\/uploads\/2015\/09\/IMG_3322-300x200.jpg\" class=\"attachment-medium size-medium\" alt=\"\" loading=\"lazy\" srcset=\"https:\/\/www.rivilladebarajas.es\/wp-content\/uploads\/2015\/09\/IMG_3322-300x200.jpg 300w, https:\/\/www.rivilladebarajas.es\/wp-content\/uploads\/2015\/09\/IMG_3322-1024x683.jpg 1024w\" sizes=\"(max-width: 300px) 100vw, 300px\" \/><\/a>\n\t\t\t<\/dt><\/dl><dl class='gallery-item'>\n\t\t\t<dt class='gallery-icon landscape'>\n\t\t\t\t<a href='https:\/\/www.rivilladebarajas.es\/?attachment_id=238'><img width=\"300\" height=\"200\" src=\"https:\/\/www.rivilladebarajas.es\/wp-content\/uploads\/2015\/09\/IMG_3323-300x200.jpg\" class=\"attachment-medium size-medium\" alt=\"\" loading=\"lazy\" srcset=\"https:\/\/www.rivilladebarajas.es\/wp-content\/uploads\/2015\/09\/IMG_3323-300x200.jpg 300w, https:\/\/www.rivilladebarajas.es\/wp-content\/uploads\/2015\/09\/IMG_3323-1024x683.jpg 1024w\" sizes=\"(max-width: 300px) 100vw, 300px\" \/><\/a>\n\t\t\t<\/dt><\/dl><br style=\"clear: both\" \/><dl class='gallery-item'>\n\t\t\t<dt class='gallery-icon landscape'>\n\t\t\t\t<a href='https:\/\/www.rivilladebarajas.es\/?attachment_id=239'><img width=\"300\" height=\"200\" src=\"https:\/\/www.rivilladebarajas.es\/wp-content\/uploads\/2015\/09\/IMG_3324-300x200.jpg\" class=\"attachment-medium size-medium\" alt=\"\" loading=\"lazy\" srcset=\"https:\/\/www.rivilladebarajas.es\/wp-content\/uploads\/2015\/09\/IMG_3324-300x200.jpg 300w, https:\/\/www.rivilladebarajas.es\/wp-content\/uploads\/2015\/09\/IMG_3324-1024x683.jpg 1024w\" sizes=\"(max-width: 300px) 100vw, 300px\" \/><\/a>\n\t\t\t<\/dt><\/dl><dl class='gallery-item'>\n\t\t\t<dt class='gallery-icon landscape'>\n\t\t\t\t<a href='https:\/\/www.rivilladebarajas.es\/?attachment_id=240'><img width=\"300\" height=\"200\" src=\"https:\/\/www.rivilladebarajas.es\/wp-content\/uploads\/2015\/09\/IMG_3326-300x200.jpg\" class=\"attachment-medium size-medium\" alt=\"\" loading=\"lazy\" srcset=\"https:\/\/www.rivilladebarajas.es\/wp-content\/uploads\/2015\/09\/IMG_3326-300x200.jpg 300w, https:\/\/www.rivilladebarajas.es\/wp-content\/uploads\/2015\/09\/IMG_3326-1024x683.jpg 1024w\" sizes=\"(max-width: 300px) 100vw, 300px\" \/><\/a>\n\t\t\t<\/dt><\/dl><dl class='gallery-item'>\n\t\t\t<dt class='gallery-icon landscape'>\n\t\t\t\t<a href='https:\/\/www.rivilladebarajas.es\/?attachment_id=241'><img width=\"300\" height=\"200\" src=\"https:\/\/www.rivilladebarajas.es\/wp-content\/uploads\/2015\/09\/IMG_3328-300x200.jpg\" class=\"attachment-medium size-medium\" alt=\"\" loading=\"lazy\" srcset=\"https:\/\/www.rivilladebarajas.es\/wp-content\/uploads\/2015\/09\/IMG_3328-300x200.jpg 300w, https:\/\/www.rivilladebarajas.es\/wp-content\/uploads\/2015\/09\/IMG_3328-1024x683.jpg 1024w\" sizes=\"(max-width: 300px) 100vw, 300px\" \/><\/a>\n\t\t\t<\/dt><\/dl><br style=\"clear: both\" \/><dl class='gallery-item'>\n\t\t\t<dt class='gallery-icon landscape'>\n\t\t\t\t<a href='https:\/\/www.rivilladebarajas.es\/?attachment_id=242'><img width=\"300\" height=\"200\" src=\"https:\/\/www.rivilladebarajas.es\/wp-content\/uploads\/2015\/09\/IMG_3335-300x200.jpg\" class=\"attachment-medium size-medium\" alt=\"\" loading=\"lazy\" srcset=\"https:\/\/www.rivilladebarajas.es\/wp-content\/uploads\/2015\/09\/IMG_3335-300x200.jpg 300w, https:\/\/www.rivilladebarajas.es\/wp-content\/uploads\/2015\/09\/IMG_3335-1024x683.jpg 1024w\" sizes=\"(max-width: 300px) 100vw, 300px\" \/><\/a>\n\t\t\t<\/dt><\/dl><dl class='gallery-item'>\n\t\t\t<dt class='gallery-icon landscape'>\n\t\t\t\t<a href='https:\/\/www.rivilladebarajas.es\/?attachment_id=243'><img width=\"300\" height=\"200\" src=\"https:\/\/www.rivilladebarajas.es\/wp-content\/uploads\/2015\/09\/IMG_3336-300x200.jpg\" class=\"attachment-medium size-medium\" alt=\"\" loading=\"lazy\" srcset=\"https:\/\/www.rivilladebarajas.es\/wp-content\/uploads\/2015\/09\/IMG_3336-300x200.jpg 300w, https:\/\/www.rivilladebarajas.es\/wp-content\/uploads\/2015\/09\/IMG_3336-1024x683.jpg 1024w\" sizes=\"(max-width: 300px) 100vw, 300px\" \/><\/a>\n\t\t\t<\/dt><\/dl><dl class='gallery-item'>\n\t\t\t<dt class='gallery-icon landscape'>\n\t\t\t\t<a href='https:\/\/www.rivilladebarajas.es\/?attachment_id=244'><img width=\"300\" height=\"200\" src=\"https:\/\/www.rivilladebarajas.es\/wp-content\/uploads\/2015\/09\/IMG_3337-300x200.jpg\" class=\"attachment-medium size-medium\" alt=\"\" loading=\"lazy\" srcset=\"https:\/\/www.rivilladebarajas.es\/wp-content\/uploads\/2015\/09\/IMG_3337-300x200.jpg 300w, https:\/\/www.rivilladebarajas.es\/wp-content\/uploads\/2015\/09\/IMG_3337-1024x683.jpg 1024w\" sizes=\"(max-width: 300px) 100vw, 300px\" \/><\/a>\n\t\t\t<\/dt><\/dl><br style=\"clear: both\" \/><dl class='gallery-item'>\n\t\t\t<dt class='gallery-icon landscape'>\n\t\t\t\t<a href='https:\/\/www.rivilladebarajas.es\/?attachment_id=245'><img width=\"300\" height=\"200\" src=\"https:\/\/www.rivilladebarajas.es\/wp-content\/uploads\/2015\/09\/IMG_3338-300x200.jpg\" class=\"attachment-medium size-medium\" alt=\"\" loading=\"lazy\" srcset=\"https:\/\/www.rivilladebarajas.es\/wp-content\/uploads\/2015\/09\/IMG_3338-300x200.jpg 300w, https:\/\/www.rivilladebarajas.es\/wp-content\/uploads\/2015\/09\/IMG_3338-1024x683.jpg 1024w\" sizes=\"(max-width: 300px) 100vw, 300px\" \/><\/a>\n\t\t\t<\/dt><\/dl><dl class='gallery-item'>\n\t\t\t<dt class='gallery-icon landscape'>\n\t\t\t\t<a href='https:\/\/www.rivilladebarajas.es\/?attachment_id=247'><img width=\"300\" height=\"200\" src=\"https:\/\/www.rivilladebarajas.es\/wp-content\/uploads\/2015\/09\/IMG_3350-300x200.jpg\" class=\"attachment-medium size-medium\" alt=\"\" loading=\"lazy\" aria-describedby=\"gallery-1-247\" srcset=\"https:\/\/www.rivilladebarajas.es\/wp-content\/uploads\/2015\/09\/IMG_3350-300x200.jpg 300w, https:\/\/www.rivilladebarajas.es\/wp-content\/uploads\/2015\/09\/IMG_3350-1024x683.jpg 1024w\" sizes=\"(max-width: 300px) 100vw, 300px\" \/><\/a>\n\t\t\t<\/dt>\n\t\t\t\t<dd class='wp-caption-text gallery-caption' id='gallery-1-247'>\n\t\t\t\tGanador &#8211; Evaristo Palacios\n\t\t\t\t<\/dd><\/dl><dl class='gallery-item'>\n\t\t\t<dt class='gallery-icon landscape'>\n\t\t\t\t<a href='https:\/\/www.rivilladebarajas.es\/?attachment_id=248'><img width=\"300\" height=\"200\" src=\"https:\/\/www.rivilladebarajas.es\/wp-content\/uploads\/2015\/09\/IMG_3352-300x200.jpg\" class=\"attachment-medium size-medium\" alt=\"\" loading=\"lazy\" aria-describedby=\"gallery-1-248\" srcset=\"https:\/\/www.rivilladebarajas.es\/wp-content\/uploads\/2015\/09\/IMG_3352-300x200.jpg 300w, https:\/\/www.rivilladebarajas.es\/wp-content\/uploads\/2015\/09\/IMG_3352-1024x683.jpg 1024w\" sizes=\"(max-width: 300px) 100vw, 300px\" \/><\/a>\n\t\t\t<\/dt>\n\t\t\t\t<dd class='wp-caption-text gallery-caption' id='gallery-1-248'>\n\t\t\t\tSegundo Premio &#8211; Jose A. Palacios\n\t\t\t\t<\/dd><\/dl><br style=\"clear: both\" \/>\n\t\t<\/div>\n\n<p>&nbsp;<\/p>\n","protected":false},"excerpt":{"rendered":"<p>IV\u00a0Certamen de Pintura Duque de Alba \u2013 Domingo Dia 26 de Agosto &nbsp; Este certamen queremos que sea el tercero de muchos, para lo cual contamos con la autorizaci\u00f3n y apoyo econ\u00f3mico de la Casa de Alba. Al igual que su Madre la Duquesa de Alba, nos halago con su presencia en los a\u00f1os sesenta, [&hellip;]<\/p>\n","protected":false},"author":1,"featured_media":0,"parent":226,"menu_order":0,"comment_status":"closed","ping_status":"closed","template":"","meta":[],"_links":{"self":[{"href":"https:\/\/www.rivilladebarajas.es\/index.php?rest_route=\/wp\/v2\/pages\/229"}],"collection":[{"href":"https:\/\/www.rivilladebarajas.es\/index.php?rest_route=\/wp\/v2\/pages"}],"about":[{"href":"https:\/\/www.rivilladebarajas.es\/index.php?rest_route=\/wp\/v2\/types\/page"}],"author":[{"embeddable":true,"href":"https:\/\/www.rivilladebarajas.es\/index.php?rest_route=\/wp\/v2\/users\/1"}],"replies":[{"embeddable":true,"href":"https:\/\/www.rivilladebarajas.es\/index.php?rest_route=%2Fwp%2Fv2%2Fcomments&post=229"}],"version-history":[{"count":9,"href":"https:\/\/www.rivilladebarajas.es\/index.php?rest_route=\/wp\/v2\/pages\/229\/revisions"}],"predecessor-version":[{"id":1553,"href":"https:\/\/www.rivilladebarajas.es\/index.php?rest_route=\/wp\/v2\/pages\/229\/revisions\/1553"}],"up":[{"embeddable":true,"href":"https:\/\/www.rivilladebarajas.es\/index.php?rest_route=\/wp\/v2\/pages\/226"}],"wp:attachment":[{"href":"https:\/\/www.rivilladebarajas.es\/index.php?rest_route=%2Fwp%2Fv2%2Fmedia&parent=229"}],"curies":[{"name":"wp","href":"https:\/\/api.w.org\/{rel}","templated":true}]}}