{"id":211,"date":"2015-07-28T20:59:10","date_gmt":"2015-07-28T20:59:10","guid":{"rendered":"http:\/\/www.rivilladebarajas.es\/?page_id=211"},"modified":"2015-07-28T20:59:10","modified_gmt":"2015-07-28T20:59:10","slug":"ayuntamiento","status":"publish","type":"page","link":"https:\/\/www.rivilladebarajas.es\/?page_id=211","title":{"rendered":"Ayuntamiento"},"content":{"rendered":"<p><strong>Ayuntamiento de Rivilla de Barajas<\/strong><\/p>\n<p>Plaza Constituci\u00f3n, 1<\/p>\n<p>05309 &#8211; Rivilla de Barajas (Avila)<\/p>\n<p>Para cualquier gesti\u00f3n municipal, nuestro horario de atenci\u00f3n al publico son los Martes y Jueves de 10:00 a 12:00 horas.<\/p>\n<p>Tambi\u00e9n puedes ponerte en contacto con nosotros mediante email, ayto@rivilladebarajas.es<\/p>\n<p>&nbsp;<\/p>\n<p>&nbsp;<\/p>\n","protected":false},"excerpt":{"rendered":"<p>Ayuntamiento de Rivilla de Barajas Plaza Constituci\u00f3n, 1 05309 &#8211; Rivilla de Barajas (Avila) Para cualquier gesti\u00f3n municipal, nuestro horario de atenci\u00f3n al publico son los Martes y Jueves de 10:00 a 12:00 horas. Tambi\u00e9n puedes ponerte en contacto con nosotros mediante email, ayto@rivilladebarajas.es &nbsp; &nbsp;<\/p>\n","protected":false},"author":1,"featured_media":0,"parent":0,"menu_order":0,"comment_status":"closed","ping_status":"open","template":"","meta":[],"_links":{"self":[{"href":"https:\/\/www.rivilladebarajas.es\/index.php?rest_route=\/wp\/v2\/pages\/211"}],"collection":[{"href":"https:\/\/www.rivilladebarajas.es\/index.php?rest_route=\/wp\/v2\/pages"}],"about":[{"href":"https:\/\/www.rivilladebarajas.es\/index.php?rest_route=\/wp\/v2\/types\/page"}],"author":[{"embeddable":true,"href":"https:\/\/www.rivilladebarajas.es\/index.php?rest_route=\/wp\/v2\/users\/1"}],"replies":[{"embeddable":true,"href":"https:\/\/www.rivilladebarajas.es\/index.php?rest_route=%2Fwp%2Fv2%2Fcomments&post=211"}],"version-history":[{"count":1,"href":"https:\/\/www.rivilladebarajas.es\/index.php?rest_route=\/wp\/v2\/pages\/211\/revisions"}],"predecessor-version":[{"id":212,"href":"https:\/\/www.rivilladebarajas.es\/index.php?rest_route=\/wp\/v2\/pages\/211\/revisions\/212"}],"wp:attachment":[{"href":"https:\/\/www.rivilladebarajas.es\/index.php?rest_route=%2Fwp%2Fv2%2Fmedia&parent=211"}],"curies":[{"name":"wp","href":"https:\/\/api.w.org\/{rel}","templated":true}]}}