{"id":2,"date":"2015-07-08T15:40:23","date_gmt":"2015-07-08T15:40:23","guid":{"rendered":"http:\/\/www.rivilladebarajas.es\/?page_id=2"},"modified":"2015-07-28T21:00:58","modified_gmt":"2015-07-28T21:00:58","slug":"colabora","status":"publish","type":"page","link":"https:\/\/www.rivilladebarajas.es\/?page_id=2","title":{"rendered":"Colabora"},"content":{"rendered":"<p>Estimado Vecino y Amigo,<\/p>\n<p>Perm\u00edteme que os cuente una an\u00e9cdota que me ha sucedido en una reuni\u00f3n de alcaldes. Algunos pueblos tomaron la palabra, pero nadie los identificaba, eran uno m\u00e1s. Cuando ped\u00ed el turno y dije que era de Rivilla, todo el mundo lo conoc\u00eda, todos nos ten\u00edan en mente y sab\u00edan de nuestro pueblo&#8230; Ohh vaya fiestas dec\u00edan.<\/p>\n<p>En ese momento, me di cuenta, que nuestras fiestas son un tesoro que no debemos perder. Las fiestas son el trabajo de nuestros antepasados y suponen un orgullo para todos nosotros.<\/p>\n<p>Lamentablemente, la situaci\u00f3n actual hace que cada d\u00eda sea m\u00e1s dif\u00edcil el organizarlas. Desde el ayuntamiento, vamos a seguir trabajando con fuerza, pero las fiestas son de todos y os necesitamos.<\/p>\n<p>Siempre pensando en mejorar, este a\u00f1o, vamos a implantar un peque\u00f1o cambio. Con la pe\u00f1a temporalmente desaparecida, os pedimos una colaboraci\u00f3n de 15 Euros por persona\u00a0 y se os entregara una entrada para acceder a la verbena y otra para acceder al Motocross, as\u00ed podr\u00e9is regalarla si no vais a acudir a alguno de estos actos.<\/p>\n<p>Tambi\u00e9n pod\u00e9is apuntaros como voluntarios (Comunic\u00e1rselo a Rafa) para colaborar en las multitudes de tareas en las que hay que ayudar (Taquillas del Baile y del Motocross, \u00a0alpacas, etc..), en ese caso\u00a0no ten\u00e9is que aportar nada, con vuestro esfuerzo y colaboraci\u00f3n se suple con creces esta aportaci\u00f3n.<\/p>\n<p>Despu\u00e9s de las fiestas pondremos la lista con las personas que han colaborado.<\/p>\n<p>Se trata de una peque\u00f1a ayuda econ\u00f3mica para poder costear los muchos de los actos que tenemos preparados, Barbacoa, Bailes, Juegos de ni\u00f1os, Gaitilla, etc&#8230; Pero adem\u00e1s, para nosotros va mucho m\u00e1s all\u00e1. Pensamos que el ayuntamiento debe ser la imagen del pueblo, por tanto nos servir\u00e1 para conocer hasta qu\u00e9 punto los habitantes de Rivilla quieren continuar luchando por tener estas maravillosas Fiestas.<\/p>\n<p>Me despido de vosotros, deseando que todos lo pasemos muy bien estos d\u00edas. Os animo a que disfrut\u00e9is en compa\u00f1\u00eda de vuestros amigos estas fiestas que tan orgullosos nos hacen sentir.<\/p>\n<p><u>Nota:<\/u> Esta colaboraci\u00f3n es libre y totalmente voluntaria. Jubilados y J\u00f3venes entre 12 y 18 a\u00f1os de edad pagar\u00edan solo 10 Euros. Personas veraneantes y que frecuentan el pueblo pueden sumarse a este donativo como Amigos de Rivilla. A las personas que se apunten como voluntarios se les entregaran dos entradas igualmente.<\/p>\n<p>Atentamente,<br \/>\nAlcalde Rivilla de Barajas.<\/p>\n","protected":false},"excerpt":{"rendered":"<p>Estimado Vecino y Amigo, Perm\u00edteme que os cuente una an\u00e9cdota que me ha sucedido en una reuni\u00f3n de alcaldes. Algunos pueblos tomaron la palabra, pero nadie los identificaba, eran uno m\u00e1s. Cuando ped\u00ed el turno y dije que era de Rivilla, todo el mundo lo conoc\u00eda, todos nos ten\u00edan en mente y sab\u00edan de nuestro [&hellip;]<\/p>\n","protected":false},"author":1,"featured_media":0,"parent":20,"menu_order":0,"comment_status":"closed","ping_status":"open","template":"","meta":[],"_links":{"self":[{"href":"https:\/\/www.rivilladebarajas.es\/index.php?rest_route=\/wp\/v2\/pages\/2"}],"collection":[{"href":"https:\/\/www.rivilladebarajas.es\/index.php?rest_route=\/wp\/v2\/pages"}],"about":[{"href":"https:\/\/www.rivilladebarajas.es\/index.php?rest_route=\/wp\/v2\/types\/page"}],"author":[{"embeddable":true,"href":"https:\/\/www.rivilladebarajas.es\/index.php?rest_route=\/wp\/v2\/users\/1"}],"replies":[{"embeddable":true,"href":"https:\/\/www.rivilladebarajas.es\/index.php?rest_route=%2Fwp%2Fv2%2Fcomments&post=2"}],"version-history":[{"count":6,"href":"https:\/\/www.rivilladebarajas.es\/index.php?rest_route=\/wp\/v2\/pages\/2\/revisions"}],"predecessor-version":[{"id":185,"href":"https:\/\/www.rivilladebarajas.es\/index.php?rest_route=\/wp\/v2\/pages\/2\/revisions\/185"}],"up":[{"embeddable":true,"href":"https:\/\/www.rivilladebarajas.es\/index.php?rest_route=\/wp\/v2\/pages\/20"}],"wp:attachment":[{"href":"https:\/\/www.rivilladebarajas.es\/index.php?rest_route=%2Fwp%2Fv2%2Fmedia&parent=2"}],"curies":[{"name":"wp","href":"https:\/\/api.w.org\/{rel}","templated":true}]}}