{"id":1825,"date":"2025-10-22T09:57:40","date_gmt":"2025-10-22T07:57:40","guid":{"rendered":"https:\/\/www.rivilladebarajas.es\/?page_id=1825"},"modified":"2025-10-27T17:14:34","modified_gmt":"2025-10-27T16:14:34","slug":"plan-dus-5000-rivilla-de-barajas","status":"publish","type":"page","link":"https:\/\/www.rivilladebarajas.es\/?page_id=1825","title":{"rendered":"PLAN DUS 5000 RIVILLA DE BARAJAS"},"content":{"rendered":"\n<p><\/p>\n\n\n\n<p><\/p>\n\n\n\n<p><strong>Programa DUS 5000. Ayudas para inversiones a proyectos singulares locales de energ\u00eda limpia en municipios de reto demogr\u00e1fico<\/strong><\/p>\n\n\n\n<p>Expediente :PR-D5000-2021-000365<\/p>\n\n\n\n<p><strong>FONDOS NEXT GENERATION EU EN EL MARCO DEL PLAN DE RECUPERACI\u00d3N, TRANSFORMACI\u00d3N Y RESILIENCIA (PRTR)<\/strong><\/p>\n\n\n\n<p><\/p>\n\n\n\n<p><\/p>\n\n\n\n<p><strong>ACTUACI\u00d3N:<\/strong><\/p>\n\n\n\n<p><a href=\"https:\/\/contrataciondelestado.es\/wps\/poc?uri=deeplink:detalle_licitacion&amp;idEvl=qxnCZPOeRwA2wEhQbcAqug%3D%3D\">ACTUACION &#8211; PLATAFORMA DE CONTRATACION<\/a><\/p>\n\n\n\n<p><\/p>\n\n\n\n<figure class=\"wp-block-image size-full is-resized\"><a href=\"https:\/\/www.rivilladebarajas.es\/wp-content\/uploads\/2025\/10\/AF_MANUAL_DUS-5000_102022_page-0007-225x300-1.jpg\"><img loading=\"lazy\" src=\"https:\/\/www.rivilladebarajas.es\/wp-content\/uploads\/2025\/10\/AF_MANUAL_DUS-5000_102022_page-0007-225x300-1.jpg\" alt=\"\" class=\"wp-image-1826\" width=\"256\" height=\"342\"\/><\/a><\/figure>\n","protected":false},"excerpt":{"rendered":"<p>Programa DUS 5000. Ayudas para inversiones a proyectos singulares locales de energ\u00eda limpia en municipios de reto demogr\u00e1fico Expediente :PR-D5000-2021-000365 FONDOS NEXT GENERATION EU EN EL MARCO DEL PLAN DE RECUPERACI\u00d3N, TRANSFORMACI\u00d3N Y RESILIENCIA (PRTR) ACTUACI\u00d3N: ACTUACION &#8211; PLATAFORMA DE CONTRATACION<\/p>\n","protected":false},"author":1,"featured_media":0,"parent":0,"menu_order":0,"comment_status":"closed","ping_status":"closed","template":"","meta":[],"_links":{"self":[{"href":"https:\/\/www.rivilladebarajas.es\/index.php?rest_route=\/wp\/v2\/pages\/1825"}],"collection":[{"href":"https:\/\/www.rivilladebarajas.es\/index.php?rest_route=\/wp\/v2\/pages"}],"about":[{"href":"https:\/\/www.rivilladebarajas.es\/index.php?rest_route=\/wp\/v2\/types\/page"}],"author":[{"embeddable":true,"href":"https:\/\/www.rivilladebarajas.es\/index.php?rest_route=\/wp\/v2\/users\/1"}],"replies":[{"embeddable":true,"href":"https:\/\/www.rivilladebarajas.es\/index.php?rest_route=%2Fwp%2Fv2%2Fcomments&post=1825"}],"version-history":[{"count":4,"href":"https:\/\/www.rivilladebarajas.es\/index.php?rest_route=\/wp\/v2\/pages\/1825\/revisions"}],"predecessor-version":[{"id":1833,"href":"https:\/\/www.rivilladebarajas.es\/index.php?rest_route=\/wp\/v2\/pages\/1825\/revisions\/1833"}],"wp:attachment":[{"href":"https:\/\/www.rivilladebarajas.es\/index.php?rest_route=%2Fwp%2Fv2%2Fmedia&parent=1825"}],"curies":[{"name":"wp","href":"https:\/\/api.w.org\/{rel}","templated":true}]}}