{"id":1810,"date":"2024-06-15T14:09:20","date_gmt":"2024-06-15T12:09:20","guid":{"rendered":"https:\/\/www.rivilladebarajas.es\/?page_id=1810"},"modified":"2024-06-15T14:23:19","modified_gmt":"2024-06-15T12:23:19","slug":"programa-de-impulso-a-la-rehabilitacion-de-edificios-publicos-pirep-local-linea-1","status":"publish","type":"page","link":"https:\/\/www.rivilladebarajas.es\/?page_id=1810","title":{"rendered":"PROGRAMA DE IMPULSO A LA REHABILITACI\u00d3N DE EDIFICIOS P\u00daBLICOS. PIREP LOCAL \u2013 L\u00cdNEA 1"},"content":{"rendered":"\n<p>REHABILITACI\u00d3N INTEGRAL DE EDIFICIO DE AYUNTAMIENTO Y HOGAR SOCIAL EN RIVILLA DE BARAJAS<\/p>\n\n\n\n<p><\/p>\n\n\n\n<p><\/p>\n\n\n\n<ul><li><strong>Convoca:<\/strong>&nbsp;MINISTERIO DE TRANSPORTES Y MOVILIDAD SOSTENIBLE<\/li><\/ul>\n\n\n\n<p>Orden TMA\/178\/2022, de 28 de febrero, por la que se aprueban las bases reguladoras de la concesi\u00f3n de ayudas para la rehabilitaci\u00f3n de edificios de titularidad p\u00fablica y la convocatoria para la presentaci\u00f3n de solicitudes por el procedimiento de concurrencia competitiva (L\u00ednea 1) en el marco del Plan de Recuperaci\u00f3n, Transformaci\u00f3n y Resiliencia.<\/p>\n\n\n\n<p><\/p>\n\n\n\n<p><em>Programa de Impulso a la Rehabilitaci\u00f3n de Edificios P\u00fablicos (PIREP) que se enmarca en la inversi\u00f3n cinco de la componente 2 denominado: \u201cImplementaci\u00f3n de la Agenda Urbana espa\u00f1ola: Plan de rehabilitaci\u00f3n y regeneraci\u00f3n urbana\u201d<\/em><\/p>\n\n\n\n<p><\/p>\n\n\n\n<p><\/p>\n\n\n\n<p><strong>ACTUACI\u00d3N:<\/strong><\/p>\n\n\n\n<p>Rehabilitaci\u00f3n integral sostenible para mejora de la eficiencia energ\u00e9tica del edificio de m\u00e1s del 30% con el fin de conseguir reducir el consumo de energ\u00eda primaria no renovable y el consumo de energ\u00eda en calentamiento y enfriamiento del edificio.<\/p>\n\n\n\n<p><\/p>\n\n\n\n<figure class=\"wp-block-image size-full\"><a href=\"https:\/\/www.rivilladebarajas.es\/wp-content\/uploads\/2024\/06\/PIREP.png\"><img loading=\"lazy\" width=\"573\" height=\"90\" src=\"https:\/\/www.rivilladebarajas.es\/wp-content\/uploads\/2024\/06\/PIREP.png\" alt=\"\" class=\"wp-image-1811\" srcset=\"https:\/\/www.rivilladebarajas.es\/wp-content\/uploads\/2024\/06\/PIREP.png 573w, https:\/\/www.rivilladebarajas.es\/wp-content\/uploads\/2024\/06\/PIREP-300x47.png 300w\" sizes=\"(max-width: 573px) 100vw, 573px\" \/><\/a><\/figure>\n","protected":false},"excerpt":{"rendered":"<p>REHABILITACI\u00d3N INTEGRAL DE EDIFICIO DE AYUNTAMIENTO Y HOGAR SOCIAL EN RIVILLA DE BARAJAS Convoca:&nbsp;MINISTERIO DE TRANSPORTES Y MOVILIDAD SOSTENIBLE Orden TMA\/178\/2022, de 28 de febrero, por la que se aprueban las bases reguladoras de la concesi\u00f3n de ayudas para la rehabilitaci\u00f3n de edificios de titularidad p\u00fablica y la convocatoria para la presentaci\u00f3n de solicitudes por [&hellip;]<\/p>\n","protected":false},"author":1,"featured_media":0,"parent":211,"menu_order":10,"comment_status":"closed","ping_status":"closed","template":"","meta":[],"_links":{"self":[{"href":"https:\/\/www.rivilladebarajas.es\/index.php?rest_route=\/wp\/v2\/pages\/1810"}],"collection":[{"href":"https:\/\/www.rivilladebarajas.es\/index.php?rest_route=\/wp\/v2\/pages"}],"about":[{"href":"https:\/\/www.rivilladebarajas.es\/index.php?rest_route=\/wp\/v2\/types\/page"}],"author":[{"embeddable":true,"href":"https:\/\/www.rivilladebarajas.es\/index.php?rest_route=\/wp\/v2\/users\/1"}],"replies":[{"embeddable":true,"href":"https:\/\/www.rivilladebarajas.es\/index.php?rest_route=%2Fwp%2Fv2%2Fcomments&post=1810"}],"version-history":[{"count":2,"href":"https:\/\/www.rivilladebarajas.es\/index.php?rest_route=\/wp\/v2\/pages\/1810\/revisions"}],"predecessor-version":[{"id":1814,"href":"https:\/\/www.rivilladebarajas.es\/index.php?rest_route=\/wp\/v2\/pages\/1810\/revisions\/1814"}],"up":[{"embeddable":true,"href":"https:\/\/www.rivilladebarajas.es\/index.php?rest_route=\/wp\/v2\/pages\/211"}],"wp:attachment":[{"href":"https:\/\/www.rivilladebarajas.es\/index.php?rest_route=%2Fwp%2Fv2%2Fmedia&parent=1810"}],"curies":[{"name":"wp","href":"https:\/\/api.w.org\/{rel}","templated":true}]}}