{"id":1757,"date":"2020-11-09T12:21:54","date_gmt":"2020-11-09T11:21:54","guid":{"rendered":"http:\/\/www.rivilladebarajas.es\/?page_id=1757"},"modified":"2020-11-09T12:21:54","modified_gmt":"2020-11-09T11:21:54","slug":"contacto-rivilla","status":"publish","type":"page","link":"https:\/\/www.rivilladebarajas.es\/?page_id=1757","title":{"rendered":"Contacto Rivilla"},"content":{"rendered":"\n<p><strong>Ayuntamiento de Rivilla de Barajas<\/strong><\/p>\n\n\n\n<p>Plaza Constituci\u00f3n, 1<\/p>\n\n\n\n<p>05309 \u2013 Rivilla de Barajas (Avila)<\/p>\n\n\n\n<p>Para cualquier gesti\u00f3n municipal, nuestro horario de atenci\u00f3n al publico son los Martes y Jueves de 10:00 a 12:00 horas.<\/p>\n\n\n\n<p>Tambi\u00e9n puedes ponerte en contacto con nosotros mediante email, ayto@rivilladebarajas.es o por <strong>tel\u00e9fono 920&nbsp;209 222<\/strong><\/p>\n","protected":false},"excerpt":{"rendered":"<p>Ayuntamiento de Rivilla de Barajas Plaza Constituci\u00f3n, 1 05309 \u2013 Rivilla de Barajas (Avila) Para cualquier gesti\u00f3n municipal, nuestro horario de atenci\u00f3n al publico son los Martes y Jueves de 10:00 a 12:00 horas. Tambi\u00e9n puedes ponerte en contacto con nosotros mediante email, ayto@rivilladebarajas.es o por tel\u00e9fono 920&nbsp;209 222<\/p>\n","protected":false},"author":1,"featured_media":0,"parent":0,"menu_order":0,"comment_status":"closed","ping_status":"closed","template":"","meta":[],"_links":{"self":[{"href":"https:\/\/www.rivilladebarajas.es\/index.php?rest_route=\/wp\/v2\/pages\/1757"}],"collection":[{"href":"https:\/\/www.rivilladebarajas.es\/index.php?rest_route=\/wp\/v2\/pages"}],"about":[{"href":"https:\/\/www.rivilladebarajas.es\/index.php?rest_route=\/wp\/v2\/types\/page"}],"author":[{"embeddable":true,"href":"https:\/\/www.rivilladebarajas.es\/index.php?rest_route=\/wp\/v2\/users\/1"}],"replies":[{"embeddable":true,"href":"https:\/\/www.rivilladebarajas.es\/index.php?rest_route=%2Fwp%2Fv2%2Fcomments&post=1757"}],"version-history":[{"count":1,"href":"https:\/\/www.rivilladebarajas.es\/index.php?rest_route=\/wp\/v2\/pages\/1757\/revisions"}],"predecessor-version":[{"id":1758,"href":"https:\/\/www.rivilladebarajas.es\/index.php?rest_route=\/wp\/v2\/pages\/1757\/revisions\/1758"}],"wp:attachment":[{"href":"https:\/\/www.rivilladebarajas.es\/index.php?rest_route=%2Fwp%2Fv2%2Fmedia&parent=1757"}],"curies":[{"name":"wp","href":"https:\/\/api.w.org\/{rel}","templated":true}]}}